{"id":552,"date":"2025-03-29T23:26:45","date_gmt":"2025-03-29T20:26:45","guid":{"rendered":"http:\/\/www.tekno-tar.com\/?page_id=552"},"modified":"2025-07-16T21:27:46","modified_gmt":"2025-07-16T18:27:46","slug":"projeler","status":"publish","type":"page","link":"http:\/\/www.tekno-tar.com\/index.php\/projeler\/","title":{"rendered":"Projeler"},"content":{"rendered":"\n<p class=\"has-white-color has-vivid-cyan-blue-background-color has-text-color has-background has-link-color has-small-font-size wp-elements-e536a7c4e248df35fc72ee4d529f6cc6\"><strong>ANAHTAR TESL\u0130M SULAMA PROJELER\u0130 VE M\u00dcHEND\u0130SL\u0130K H\u0130ZMETLER\u0130<\/strong><\/p>\n\n\n\n<p class=\"has-text-align-left has-medium-font-size\"><strong>%50 Hibe<\/strong> Deste\u011fi ve <strong>%0 Faizsiz<\/strong>, Ziraat Bankas\u0131 S\u00fcbvansiyonlu Kredi Projeleri<\/p>\n\n\n\n<p class=\"has-text-align-left\" style=\"font-size:13px\">K\u0131rsal kalk\u0131nma destekleri kapsam\u0131nda, Tar\u0131msal faaliyetler i\u00e7in geli\u015ftirilen, modern bas\u0131n\u00e7l\u0131 bireysel&nbsp;sulama&nbsp;sistemlerinin \u00fcreticiler taraf\u0131ndan kullan\u0131m\u0131n\u0131 yayg\u0131nla\u015ft\u0131rmak amac\u0131yla bireysel&nbsp;sulama&nbsp;sistemlerinin desteklenmesine %50 Hibe projeleri<\/p>\n\n\n\n<p class=\"has-text-align-left\"><strong>Kimler Yararlanabilir?,<\/strong><\/p>\n\n\n\n<p class=\"has-text-align-left has-small-font-size\">\u00c7ift\u00e7i kay\u0131t sistemine kay\u0131tl\u0131; ger\u00e7ek ki\u015filer, tar\u0131msal \u015firketler, sulama kooperatifleri, tar\u0131msal kalk\u0131nma kooperatifleri Tar\u0131msal faaliyetler i\u00e7in geli\u015ftirilen modern bas\u0131n\u00e7l\u0131 bireysel sulama makine ve ekipman\u0131n\u0131n \u00fcreticiler taraf\u0131ndan kullan\u0131m\u0131n\u0131n yayg\u0131nla\u015ft\u0131r\u0131lmas\u0131 ama\u00e7lanmaktad\u0131r.<\/p>\n\n\n\n<p class=\"has-text-align-left has-small-font-size\">A\u015fa\u011f\u0131da yer alan konularda yat\u0131r\u0131mlar desteklenmektedir:<\/p>\n\n\n\n<p class=\"has-text-align-left has-small-font-size\">a) Tarla i\u00e7i damla sulama sistemi kurulmas\u0131,<br>b) Tarla i\u00e7i ya\u011fmurlama sulama sistemi kurulmas\u0131,<br>c) Tarla i\u00e7i mikro ya\u011fmurlama sulama sistemi kurulmas\u0131,<br>\u00e7) Tarla i\u00e7i y\u00fczey alt\u0131 damla sulama sistemi kurulmas\u0131,<br>d) Lineer veya Center Pivot sulama sistemi kurulmas\u0131,<br>e) Tamburlu sulama sistemi kurulmas\u0131,<br>f) G\u00fcne\u015f enerjili sulama sistemi kurulmas\u0131,<br>g) Tar\u0131msal sulama ama\u00e7l\u0131 g\u00fcne\u015f enerji sistemleri,<br>\u011f) Ak\u0131ll\u0131 sulama sistemleri.<\/p>\n\n\n\n<figure class=\"wp-block-image size-full\"><img loading=\"lazy\" decoding=\"async\" width=\"914\" height=\"484\" src=\"http:\/\/www.tekno-tar.com\/wp-content\/uploads\/2020\/02\/damla-sulama-sistemi-e1745249810896.jpg\" alt=\"\" class=\"wp-image-218\" srcset=\"http:\/\/www.tekno-tar.com\/wp-content\/uploads\/2020\/02\/damla-sulama-sistemi-e1745249810896.jpg 914w, http:\/\/www.tekno-tar.com\/wp-content\/uploads\/2020\/02\/damla-sulama-sistemi-e1745249810896-300x159.jpg 300w, http:\/\/www.tekno-tar.com\/wp-content\/uploads\/2020\/02\/damla-sulama-sistemi-e1745249810896-768x407.jpg 768w, http:\/\/www.tekno-tar.com\/wp-content\/uploads\/2020\/02\/damla-sulama-sistemi-e1745249810896-600x318.jpg 600w\" sizes=\"auto, (max-width: 914px) 100vw, 914px\" \/><\/figure>\n\n\n\n<p class=\"has-text-align-left has-small-font-size\"><\/p>\n","protected":false},"excerpt":{"rendered":"<p>ANAHTAR TESL\u0130M SULAMA PROJELER\u0130 VE M\u00dcHEND\u0130SL\u0130K H\u0130ZMETLER\u0130 %50 Hibe Deste\u011fi ve %0 Faizsiz, Ziraat Bankas\u0131 S\u00fcbvansiyonlu Kredi Projeleri K\u0131rsal kalk\u0131nma destekleri kapsam\u0131nda, Tar\u0131msal faaliyetler i\u00e7in geli\u015ftirilen, modern bas\u0131n\u00e7l\u0131 bireysel&nbsp;sulama&nbsp;sistemlerinin \u00fcreticiler taraf\u0131ndan kullan\u0131m\u0131n\u0131 yayg\u0131nla\u015ft\u0131rmak amac\u0131yla bireysel&nbsp;sulama&nbsp;sistemlerinin desteklenmesine %50 Hibe projeleri Kimler Yararlanabilir?, \u00c7ift\u00e7i kay\u0131t sistemine kay\u0131tl\u0131; ger\u00e7ek ki\u015filer, tar\u0131msal \u015firketler, sulama kooperatifleri, tar\u0131msal kalk\u0131nma kooperatifleri Tar\u0131msal [&hellip;]<\/p>\n","protected":false},"author":1,"featured_media":0,"parent":0,"menu_order":0,"comment_status":"closed","ping_status":"closed","template":"","meta":{"footnotes":""},"class_list":["post-552","page","type-page","status-publish","hentry"],"yoast_head":"<!-- This site is optimized with the Yoast SEO plugin v24.8.1 - https:\/\/yoast.com\/wordpress\/plugins\/seo\/ -->\n<title>Projeler - TEKNOTAR<\/title>\n<meta name=\"robots\" content=\"index, follow, max-snippet:-1, max-image-preview:large, max-video-preview:-1\" \/>\n<link rel=\"canonical\" href=\"http:\/\/www.tekno-tar.com\/index.php\/projeler\/\" \/>\n<meta property=\"og:locale\" content=\"tr_TR\" \/>\n<meta property=\"og:type\" content=\"article\" \/>\n<meta property=\"og:title\" content=\"Projeler - TEKNOTAR\" \/>\n<meta property=\"og:description\" content=\"ANAHTAR TESL\u0130M SULAMA PROJELER\u0130 VE M\u00dcHEND\u0130SL\u0130K H\u0130ZMETLER\u0130 %50 Hibe Deste\u011fi ve %0 Faizsiz, Ziraat Bankas\u0131 S\u00fcbvansiyonlu Kredi Projeleri K\u0131rsal kalk\u0131nma destekleri kapsam\u0131nda, Tar\u0131msal faaliyetler i\u00e7in geli\u015ftirilen, modern bas\u0131n\u00e7l\u0131 bireysel&nbsp;sulama&nbsp;sistemlerinin \u00fcreticiler taraf\u0131ndan kullan\u0131m\u0131n\u0131 yayg\u0131nla\u015ft\u0131rmak amac\u0131yla bireysel&nbsp;sulama&nbsp;sistemlerinin desteklenmesine %50 Hibe projeleri Kimler Yararlanabilir?, \u00c7ift\u00e7i kay\u0131t sistemine kay\u0131tl\u0131; ger\u00e7ek ki\u015filer, tar\u0131msal \u015firketler, sulama kooperatifleri, tar\u0131msal kalk\u0131nma kooperatifleri Tar\u0131msal [&hellip;]\" \/>\n<meta property=\"og:url\" content=\"http:\/\/www.tekno-tar.com\/index.php\/projeler\/\" \/>\n<meta property=\"og:site_name\" content=\"TEKNOTAR\" \/>\n<meta property=\"article:modified_time\" content=\"2025-07-16T18:27:46+00:00\" \/>\n<meta property=\"og:image\" content=\"http:\/\/www.tekno-tar.com\/wp-content\/uploads\/2020\/02\/damla-sulama-sistemi-e1745249810896.jpg\" \/>\n\t<meta property=\"og:image:width\" content=\"914\" \/>\n\t<meta property=\"og:image:height\" content=\"484\" \/>\n\t<meta property=\"og:image:type\" content=\"image\/jpeg\" \/>\n<meta name=\"twitter:card\" content=\"summary_large_image\" \/>\n<meta name=\"twitter:label1\" content=\"Tahmini okuma s\u00fcresi\" \/>\n\t<meta name=\"twitter:data1\" content=\"2 dakika\" \/>\n<script type=\"application\/ld+json\" class=\"yoast-schema-graph\">{\"@context\":\"https:\/\/schema.org\",\"@graph\":[{\"@type\":\"WebPage\",\"@id\":\"http:\/\/www.tekno-tar.com\/index.php\/projeler\/\",\"url\":\"http:\/\/www.tekno-tar.com\/index.php\/projeler\/\",\"name\":\"Projeler - TEKNOTAR\",\"isPartOf\":{\"@id\":\"http:\/\/www.tekno-tar.com\/#website\"},\"primaryImageOfPage\":{\"@id\":\"http:\/\/www.tekno-tar.com\/index.php\/projeler\/#primaryimage\"},\"image\":{\"@id\":\"http:\/\/www.tekno-tar.com\/index.php\/projeler\/#primaryimage\"},\"thumbnailUrl\":\"http:\/\/www.tekno-tar.com\/wp-content\/uploads\/2020\/02\/damla-sulama-sistemi-e1745249810896.jpg\",\"datePublished\":\"2025-03-29T20:26:45+00:00\",\"dateModified\":\"2025-07-16T18:27:46+00:00\",\"breadcrumb\":{\"@id\":\"http:\/\/www.tekno-tar.com\/index.php\/projeler\/#breadcrumb\"},\"inLanguage\":\"tr\",\"potentialAction\":[{\"@type\":\"ReadAction\",\"target\":[\"http:\/\/www.tekno-tar.com\/index.php\/projeler\/\"]}]},{\"@type\":\"ImageObject\",\"inLanguage\":\"tr\",\"@id\":\"http:\/\/www.tekno-tar.com\/index.php\/projeler\/#primaryimage\",\"url\":\"http:\/\/www.tekno-tar.com\/wp-content\/uploads\/2020\/02\/damla-sulama-sistemi-e1745249810896.jpg\",\"contentUrl\":\"http:\/\/www.tekno-tar.com\/wp-content\/uploads\/2020\/02\/damla-sulama-sistemi-e1745249810896.jpg\",\"width\":914,\"height\":484},{\"@type\":\"BreadcrumbList\",\"@id\":\"http:\/\/www.tekno-tar.com\/index.php\/projeler\/#breadcrumb\",\"itemListElement\":[{\"@type\":\"ListItem\",\"position\":1,\"name\":\"Ana sayfa\",\"item\":\"http:\/\/www.tekno-tar.com\/\"},{\"@type\":\"ListItem\",\"position\":2,\"name\":\"Projeler\"}]},{\"@type\":\"WebSite\",\"@id\":\"http:\/\/www.tekno-tar.com\/#website\",\"url\":\"http:\/\/www.tekno-tar.com\/\",\"name\":\"TEKNOTAR\",\"description\":\"&quot;Tar\u0131mda \u0130leri Teknoloji&quot;\",\"potentialAction\":[{\"@type\":\"SearchAction\",\"target\":{\"@type\":\"EntryPoint\",\"urlTemplate\":\"http:\/\/www.tekno-tar.com\/?s={search_term_string}\"},\"query-input\":{\"@type\":\"PropertyValueSpecification\",\"valueRequired\":true,\"valueName\":\"search_term_string\"}}],\"inLanguage\":\"tr\"}]}<\/script>\n<!-- \/ Yoast SEO plugin. -->","yoast_head_json":{"title":"Projeler - TEKNOTAR","robots":{"index":"index","follow":"follow","max-snippet":"max-snippet:-1","max-image-preview":"max-image-preview:large","max-video-preview":"max-video-preview:-1"},"canonical":"http:\/\/www.tekno-tar.com\/index.php\/projeler\/","og_locale":"tr_TR","og_type":"article","og_title":"Projeler - TEKNOTAR","og_description":"ANAHTAR TESL\u0130M SULAMA PROJELER\u0130 VE M\u00dcHEND\u0130SL\u0130K H\u0130ZMETLER\u0130 %50 Hibe Deste\u011fi ve %0 Faizsiz, Ziraat Bankas\u0131 S\u00fcbvansiyonlu Kredi Projeleri K\u0131rsal kalk\u0131nma destekleri kapsam\u0131nda, Tar\u0131msal faaliyetler i\u00e7in geli\u015ftirilen, modern bas\u0131n\u00e7l\u0131 bireysel&nbsp;sulama&nbsp;sistemlerinin \u00fcreticiler taraf\u0131ndan kullan\u0131m\u0131n\u0131 yayg\u0131nla\u015ft\u0131rmak amac\u0131yla bireysel&nbsp;sulama&nbsp;sistemlerinin desteklenmesine %50 Hibe projeleri Kimler Yararlanabilir?, \u00c7ift\u00e7i kay\u0131t sistemine kay\u0131tl\u0131; ger\u00e7ek ki\u015filer, tar\u0131msal \u015firketler, sulama kooperatifleri, tar\u0131msal kalk\u0131nma kooperatifleri Tar\u0131msal [&hellip;]","og_url":"http:\/\/www.tekno-tar.com\/index.php\/projeler\/","og_site_name":"TEKNOTAR","article_modified_time":"2025-07-16T18:27:46+00:00","og_image":[{"width":914,"height":484,"url":"http:\/\/www.tekno-tar.com\/wp-content\/uploads\/2020\/02\/damla-sulama-sistemi-e1745249810896.jpg","type":"image\/jpeg"}],"twitter_card":"summary_large_image","twitter_misc":{"Tahmini okuma s\u00fcresi":"2 dakika"},"schema":{"@context":"https:\/\/schema.org","@graph":[{"@type":"WebPage","@id":"http:\/\/www.tekno-tar.com\/index.php\/projeler\/","url":"http:\/\/www.tekno-tar.com\/index.php\/projeler\/","name":"Projeler - TEKNOTAR","isPartOf":{"@id":"http:\/\/www.tekno-tar.com\/#website"},"primaryImageOfPage":{"@id":"http:\/\/www.tekno-tar.com\/index.php\/projeler\/#primaryimage"},"image":{"@id":"http:\/\/www.tekno-tar.com\/index.php\/projeler\/#primaryimage"},"thumbnailUrl":"http:\/\/www.tekno-tar.com\/wp-content\/uploads\/2020\/02\/damla-sulama-sistemi-e1745249810896.jpg","datePublished":"2025-03-29T20:26:45+00:00","dateModified":"2025-07-16T18:27:46+00:00","breadcrumb":{"@id":"http:\/\/www.tekno-tar.com\/index.php\/projeler\/#breadcrumb"},"inLanguage":"tr","potentialAction":[{"@type":"ReadAction","target":["http:\/\/www.tekno-tar.com\/index.php\/projeler\/"]}]},{"@type":"ImageObject","inLanguage":"tr","@id":"http:\/\/www.tekno-tar.com\/index.php\/projeler\/#primaryimage","url":"http:\/\/www.tekno-tar.com\/wp-content\/uploads\/2020\/02\/damla-sulama-sistemi-e1745249810896.jpg","contentUrl":"http:\/\/www.tekno-tar.com\/wp-content\/uploads\/2020\/02\/damla-sulama-sistemi-e1745249810896.jpg","width":914,"height":484},{"@type":"BreadcrumbList","@id":"http:\/\/www.tekno-tar.com\/index.php\/projeler\/#breadcrumb","itemListElement":[{"@type":"ListItem","position":1,"name":"Ana sayfa","item":"http:\/\/www.tekno-tar.com\/"},{"@type":"ListItem","position":2,"name":"Projeler"}]},{"@type":"WebSite","@id":"http:\/\/www.tekno-tar.com\/#website","url":"http:\/\/www.tekno-tar.com\/","name":"TEKNOTAR","description":"&quot;Tar\u0131mda \u0130leri Teknoloji&quot;","potentialAction":[{"@type":"SearchAction","target":{"@type":"EntryPoint","urlTemplate":"http:\/\/www.tekno-tar.com\/?s={search_term_string}"},"query-input":{"@type":"PropertyValueSpecification","valueRequired":true,"valueName":"search_term_string"}}],"inLanguage":"tr"}]}},"_links":{"self":[{"href":"http:\/\/www.tekno-tar.com\/index.php\/wp-json\/wp\/v2\/pages\/552","targetHints":{"allow":["GET"]}}],"collection":[{"href":"http:\/\/www.tekno-tar.com\/index.php\/wp-json\/wp\/v2\/pages"}],"about":[{"href":"http:\/\/www.tekno-tar.com\/index.php\/wp-json\/wp\/v2\/types\/page"}],"author":[{"embeddable":true,"href":"http:\/\/www.tekno-tar.com\/index.php\/wp-json\/wp\/v2\/users\/1"}],"replies":[{"embeddable":true,"href":"http:\/\/www.tekno-tar.com\/index.php\/wp-json\/wp\/v2\/comments?post=552"}],"version-history":[{"count":17,"href":"http:\/\/www.tekno-tar.com\/index.php\/wp-json\/wp\/v2\/pages\/552\/revisions"}],"predecessor-version":[{"id":1144,"href":"http:\/\/www.tekno-tar.com\/index.php\/wp-json\/wp\/v2\/pages\/552\/revisions\/1144"}],"wp:attachment":[{"href":"http:\/\/www.tekno-tar.com\/index.php\/wp-json\/wp\/v2\/media?parent=552"}],"curies":[{"name":"wp","href":"https:\/\/api.w.org\/{rel}","templated":true}]}}