{"id":152,"date":"2019-11-26T22:29:56","date_gmt":"2019-11-26T19:29:56","guid":{"rendered":"http:\/\/www.tekno-tar.com\/?page_id=152"},"modified":"2025-03-30T00:13:25","modified_gmt":"2025-03-29T21:13:25","slug":"hakkimizda","status":"publish","type":"page","link":"http:\/\/www.tekno-tar.com\/index.php\/hakkimizda\/","title":{"rendered":"Hakk\u0131m\u0131zda"},"content":{"rendered":"\n<h1 class=\"wp-block-heading has-text-align-left has-white-color has-vivid-cyan-blue-background-color has-text-color has-background has-link-color has-small-font-size wp-elements-d109afed9a1b1649b53ac56ffd0c8390\">Teknotar Teknolojik Tar\u0131m ve Sulama Sistemleri \u015eirketi olarak, <span class=\"has-inline-color has-white-color\">20 y\u0131ll\u0131k i\u015f tecr\u00fcbemizle, Tar\u0131m sekt\u00f6r\u00fcndeki yenilik ve Teknolojik geli\u015fmeleri yak\u0131ndan takip ederek, Uluslararas\u0131 markalar\u0131n, d\u00fcnya standartlar\u0131nda \u00fcr\u00fcnlerini, alan\u0131nda uzman m\u00fchendis kadromuzla projeler \u00fcreterek m\u00fc\u015fterilerimize sunmaktay\u0131z. <\/span><\/h1>\n\n\n\n<p><\/p>\n\n\n\n<p class=\"has-small-font-size\"><strong>Vizyonumuz<\/strong><\/p>\n\n\n\n<p class=\"has-white-color has-vivid-cyan-blue-background-color has-text-color has-background has-small-font-size\">Teknolojik Tar\u0131m ve Sulama Sistemleri alan\u0131nda uzmanla\u015farak sekt\u00f6r\u00fcn \u00f6nc\u00fc ve lider kurulu\u015fu haline gelmek.<\/p>\n\n\n\n<p><\/p>\n\n\n\n<p class=\"has-small-font-size\"><strong>Misyonumuz<\/strong><\/p>\n\n\n\n<p class=\"has-white-color has-vivid-cyan-blue-background-color has-text-color has-background has-small-font-size\">S\u00fcrd\u00fcr\u00fclebilir Tar\u0131m i\u00e7in daha az Kaynak ile Daha \u00c7ok verim.<\/p>\n\n\n\n<p><\/p>\n","protected":false},"excerpt":{"rendered":"<p>Teknotar Teknolojik Tar\u0131m ve Sulama Sistemleri \u015eirketi olarak, 20 y\u0131ll\u0131k i\u015f tecr\u00fcbemizle, Tar\u0131m sekt\u00f6r\u00fcndeki yenilik ve Teknolojik geli\u015fmeleri yak\u0131ndan takip ederek, Uluslararas\u0131 markalar\u0131n, d\u00fcnya standartlar\u0131nda \u00fcr\u00fcnlerini, alan\u0131nda uzman m\u00fchendis kadromuzla projeler \u00fcreterek m\u00fc\u015fterilerimize sunmaktay\u0131z. Vizyonumuz Teknolojik Tar\u0131m ve Sulama Sistemleri alan\u0131nda uzmanla\u015farak sekt\u00f6r\u00fcn \u00f6nc\u00fc ve lider kurulu\u015fu haline gelmek. Misyonumuz S\u00fcrd\u00fcr\u00fclebilir Tar\u0131m i\u00e7in daha az [&hellip;]<\/p>\n","protected":false},"author":1,"featured_media":0,"parent":0,"menu_order":0,"comment_status":"closed","ping_status":"closed","template":"","meta":{"footnotes":""},"class_list":["post-152","page","type-page","status-publish","hentry"],"yoast_head":"<!-- This site is optimized with the Yoast SEO plugin v24.8.1 - https:\/\/yoast.com\/wordpress\/plugins\/seo\/ -->\n<title>Hakk\u0131m\u0131zda - TEKNOTAR<\/title>\n<meta name=\"robots\" content=\"index, follow, max-snippet:-1, max-image-preview:large, max-video-preview:-1\" \/>\n<link rel=\"canonical\" href=\"http:\/\/www.tekno-tar.com\/index.php\/hakkimizda\/\" \/>\n<meta property=\"og:locale\" content=\"tr_TR\" \/>\n<meta property=\"og:type\" content=\"article\" \/>\n<meta property=\"og:title\" content=\"Hakk\u0131m\u0131zda - TEKNOTAR\" \/>\n<meta property=\"og:description\" content=\"Teknotar Teknolojik Tar\u0131m ve Sulama Sistemleri \u015eirketi olarak, 20 y\u0131ll\u0131k i\u015f tecr\u00fcbemizle, Tar\u0131m sekt\u00f6r\u00fcndeki yenilik ve Teknolojik geli\u015fmeleri yak\u0131ndan takip ederek, Uluslararas\u0131 markalar\u0131n, d\u00fcnya standartlar\u0131nda \u00fcr\u00fcnlerini, alan\u0131nda uzman m\u00fchendis kadromuzla projeler \u00fcreterek m\u00fc\u015fterilerimize sunmaktay\u0131z. Vizyonumuz Teknolojik Tar\u0131m ve Sulama Sistemleri alan\u0131nda uzmanla\u015farak sekt\u00f6r\u00fcn \u00f6nc\u00fc ve lider kurulu\u015fu haline gelmek. Misyonumuz S\u00fcrd\u00fcr\u00fclebilir Tar\u0131m i\u00e7in daha az [&hellip;]\" \/>\n<meta property=\"og:url\" content=\"http:\/\/www.tekno-tar.com\/index.php\/hakkimizda\/\" \/>\n<meta property=\"og:site_name\" content=\"TEKNOTAR\" \/>\n<meta property=\"article:modified_time\" content=\"2025-03-29T21:13:25+00:00\" \/>\n<meta name=\"twitter:card\" content=\"summary_large_image\" \/>\n<script type=\"application\/ld+json\" class=\"yoast-schema-graph\">{\"@context\":\"https:\/\/schema.org\",\"@graph\":[{\"@type\":\"WebPage\",\"@id\":\"http:\/\/www.tekno-tar.com\/index.php\/hakkimizda\/\",\"url\":\"http:\/\/www.tekno-tar.com\/index.php\/hakkimizda\/\",\"name\":\"Hakk\u0131m\u0131zda - TEKNOTAR\",\"isPartOf\":{\"@id\":\"http:\/\/www.tekno-tar.com\/#website\"},\"datePublished\":\"2019-11-26T19:29:56+00:00\",\"dateModified\":\"2025-03-29T21:13:25+00:00\",\"breadcrumb\":{\"@id\":\"http:\/\/www.tekno-tar.com\/index.php\/hakkimizda\/#breadcrumb\"},\"inLanguage\":\"tr\",\"potentialAction\":[{\"@type\":\"ReadAction\",\"target\":[\"http:\/\/www.tekno-tar.com\/index.php\/hakkimizda\/\"]}]},{\"@type\":\"BreadcrumbList\",\"@id\":\"http:\/\/www.tekno-tar.com\/index.php\/hakkimizda\/#breadcrumb\",\"itemListElement\":[{\"@type\":\"ListItem\",\"position\":1,\"name\":\"Ana sayfa\",\"item\":\"http:\/\/www.tekno-tar.com\/\"},{\"@type\":\"ListItem\",\"position\":2,\"name\":\"Hakk\u0131m\u0131zda\"}]},{\"@type\":\"WebSite\",\"@id\":\"http:\/\/www.tekno-tar.com\/#website\",\"url\":\"http:\/\/www.tekno-tar.com\/\",\"name\":\"TEKNOTAR\",\"description\":\"&quot;Tar\u0131mda \u0130leri Teknoloji&quot;\",\"potentialAction\":[{\"@type\":\"SearchAction\",\"target\":{\"@type\":\"EntryPoint\",\"urlTemplate\":\"http:\/\/www.tekno-tar.com\/?s={search_term_string}\"},\"query-input\":{\"@type\":\"PropertyValueSpecification\",\"valueRequired\":true,\"valueName\":\"search_term_string\"}}],\"inLanguage\":\"tr\"}]}<\/script>\n<!-- \/ Yoast SEO plugin. -->","yoast_head_json":{"title":"Hakk\u0131m\u0131zda - TEKNOTAR","robots":{"index":"index","follow":"follow","max-snippet":"max-snippet:-1","max-image-preview":"max-image-preview:large","max-video-preview":"max-video-preview:-1"},"canonical":"http:\/\/www.tekno-tar.com\/index.php\/hakkimizda\/","og_locale":"tr_TR","og_type":"article","og_title":"Hakk\u0131m\u0131zda - TEKNOTAR","og_description":"Teknotar Teknolojik Tar\u0131m ve Sulama Sistemleri \u015eirketi olarak, 20 y\u0131ll\u0131k i\u015f tecr\u00fcbemizle, Tar\u0131m sekt\u00f6r\u00fcndeki yenilik ve Teknolojik geli\u015fmeleri yak\u0131ndan takip ederek, Uluslararas\u0131 markalar\u0131n, d\u00fcnya standartlar\u0131nda \u00fcr\u00fcnlerini, alan\u0131nda uzman m\u00fchendis kadromuzla projeler \u00fcreterek m\u00fc\u015fterilerimize sunmaktay\u0131z. Vizyonumuz Teknolojik Tar\u0131m ve Sulama Sistemleri alan\u0131nda uzmanla\u015farak sekt\u00f6r\u00fcn \u00f6nc\u00fc ve lider kurulu\u015fu haline gelmek. Misyonumuz S\u00fcrd\u00fcr\u00fclebilir Tar\u0131m i\u00e7in daha az [&hellip;]","og_url":"http:\/\/www.tekno-tar.com\/index.php\/hakkimizda\/","og_site_name":"TEKNOTAR","article_modified_time":"2025-03-29T21:13:25+00:00","twitter_card":"summary_large_image","schema":{"@context":"https:\/\/schema.org","@graph":[{"@type":"WebPage","@id":"http:\/\/www.tekno-tar.com\/index.php\/hakkimizda\/","url":"http:\/\/www.tekno-tar.com\/index.php\/hakkimizda\/","name":"Hakk\u0131m\u0131zda - TEKNOTAR","isPartOf":{"@id":"http:\/\/www.tekno-tar.com\/#website"},"datePublished":"2019-11-26T19:29:56+00:00","dateModified":"2025-03-29T21:13:25+00:00","breadcrumb":{"@id":"http:\/\/www.tekno-tar.com\/index.php\/hakkimizda\/#breadcrumb"},"inLanguage":"tr","potentialAction":[{"@type":"ReadAction","target":["http:\/\/www.tekno-tar.com\/index.php\/hakkimizda\/"]}]},{"@type":"BreadcrumbList","@id":"http:\/\/www.tekno-tar.com\/index.php\/hakkimizda\/#breadcrumb","itemListElement":[{"@type":"ListItem","position":1,"name":"Ana sayfa","item":"http:\/\/www.tekno-tar.com\/"},{"@type":"ListItem","position":2,"name":"Hakk\u0131m\u0131zda"}]},{"@type":"WebSite","@id":"http:\/\/www.tekno-tar.com\/#website","url":"http:\/\/www.tekno-tar.com\/","name":"TEKNOTAR","description":"&quot;Tar\u0131mda \u0130leri Teknoloji&quot;","potentialAction":[{"@type":"SearchAction","target":{"@type":"EntryPoint","urlTemplate":"http:\/\/www.tekno-tar.com\/?s={search_term_string}"},"query-input":{"@type":"PropertyValueSpecification","valueRequired":true,"valueName":"search_term_string"}}],"inLanguage":"tr"}]}},"_links":{"self":[{"href":"http:\/\/www.tekno-tar.com\/index.php\/wp-json\/wp\/v2\/pages\/152","targetHints":{"allow":["GET"]}}],"collection":[{"href":"http:\/\/www.tekno-tar.com\/index.php\/wp-json\/wp\/v2\/pages"}],"about":[{"href":"http:\/\/www.tekno-tar.com\/index.php\/wp-json\/wp\/v2\/types\/page"}],"author":[{"embeddable":true,"href":"http:\/\/www.tekno-tar.com\/index.php\/wp-json\/wp\/v2\/users\/1"}],"replies":[{"embeddable":true,"href":"http:\/\/www.tekno-tar.com\/index.php\/wp-json\/wp\/v2\/comments?post=152"}],"version-history":[{"count":25,"href":"http:\/\/www.tekno-tar.com\/index.php\/wp-json\/wp\/v2\/pages\/152\/revisions"}],"predecessor-version":[{"id":626,"href":"http:\/\/www.tekno-tar.com\/index.php\/wp-json\/wp\/v2\/pages\/152\/revisions\/626"}],"wp:attachment":[{"href":"http:\/\/www.tekno-tar.com\/index.php\/wp-json\/wp\/v2\/media?parent=152"}],"curies":[{"name":"wp","href":"https:\/\/api.w.org\/{rel}","templated":true}]}}