{"id":138,"date":"2019-11-26T22:10:40","date_gmt":"2019-11-26T19:10:40","guid":{"rendered":"http:\/\/www.tekno-tar.com\/?page_id=138"},"modified":"2025-07-18T14:12:35","modified_gmt":"2025-07-18T11:12:35","slug":"bitki-besleme","status":"publish","type":"page","link":"http:\/\/www.tekno-tar.com\/index.php\/bitki-besleme\/","title":{"rendered":"Bitki Besleme\/G\u00fcbre"},"content":{"rendered":"<div class=\"wp-block-image\">\n<figure class=\"aligncenter size-full is-resized\"><img loading=\"lazy\" decoding=\"async\" width=\"271\" height=\"88\" src=\"http:\/\/www.tekno-tar.com\/wp-content\/uploads\/2025\/07\/teknofertweb-1.jpg\" alt=\"\" class=\"wp-image-1075\" style=\"aspect-ratio:2.7803030303030303;width:195px;height:auto\"\/><\/figure><\/div>\n\n\n<div class=\"wp-block-columns is-layout-flex wp-container-core-columns-is-layout-1 wp-block-columns-is-layout-flex\">\n<div class=\"wp-block-column is-vertically-aligned-center is-layout-flow wp-block-column-is-layout-flow\" style=\"flex-basis:100%\">\n<p><mark style=\"background-color:#ffffff\" class=\"has-inline-color has-black-color\"><strong>Bitkilerin sa\u011fl\u0131kl\u0131 beslenmesi, verim ve kalitenin art\u0131r\u0131lmas\u0131 i\u00e7in \u00f6zel \u00e7\u00f6z\u00fcmler.<\/strong><\/mark> <\/p>\n\n\n\n<p>Bitki \u00fcretimde birim alandan kaliteli ve bol \u00fcr\u00fcn alman\u0131n en \u00f6nemli unsurlar\u0131ndan birisi dengeli g\u00fcbrelemedir. Dengeli g\u00fcbreleme; Toprak \u00f6zelli\u011fine ba\u011fl\u0131 olarak bitkinin ihtiyac\u0131 olan, toprakta noksan bitki besin elementlerini, uygun zamanda, uygun miktar ve formlarda uygun \u015fekilde vermektir. <\/p>\n\n\n\n<p><strong>Dengeli g\u00fcbreleme i\u00e7in toprak ve bitki analizlerinin yap\u0131lmas\u0131 gerekir.<\/strong><\/p>\n<\/div>\n<\/div>\n\n\n<div class=\"wp-block-image\">\n<figure class=\"aligncenter size-large is-resized\"><img loading=\"lazy\" decoding=\"async\" width=\"1024\" height=\"466\" src=\"http:\/\/www.tekno-tar.com\/wp-content\/uploads\/2025\/07\/elementtekno-min-1024x466.jpg\" alt=\"\" class=\"wp-image-1160\" style=\"width:634px;height:auto\" srcset=\"http:\/\/www.tekno-tar.com\/wp-content\/uploads\/2025\/07\/elementtekno-min-1024x466.jpg 1024w, http:\/\/www.tekno-tar.com\/wp-content\/uploads\/2025\/07\/elementtekno-min-300x136.jpg 300w, http:\/\/www.tekno-tar.com\/wp-content\/uploads\/2025\/07\/elementtekno-min-768x349.jpg 768w, http:\/\/www.tekno-tar.com\/wp-content\/uploads\/2025\/07\/elementtekno-min-1536x699.jpg 1536w, http:\/\/www.tekno-tar.com\/wp-content\/uploads\/2025\/07\/elementtekno-min-600x273.jpg 600w, http:\/\/www.tekno-tar.com\/wp-content\/uploads\/2025\/07\/elementtekno-min.jpg 1730w\" sizes=\"auto, (max-width: 1024px) 100vw, 1024px\" \/><\/figure><\/div>\n\n\n<figure class=\"wp-block-gallery has-nested-images columns-default is-cropped wp-block-gallery-1 is-layout-flex wp-block-gallery-is-layout-flex\">\n<figure class=\"wp-block-image size-large\"><img loading=\"lazy\" decoding=\"async\" width=\"730\" height=\"221\" data-id=\"779\" src=\"http:\/\/www.tekno-tar.com\/wp-content\/uploads\/2025\/04\/bitki-besleme-1.jpg\" alt=\"\" class=\"wp-image-779\" srcset=\"http:\/\/www.tekno-tar.com\/wp-content\/uploads\/2025\/04\/bitki-besleme-1.jpg 730w, http:\/\/www.tekno-tar.com\/wp-content\/uploads\/2025\/04\/bitki-besleme-1-300x91.jpg 300w, http:\/\/www.tekno-tar.com\/wp-content\/uploads\/2025\/04\/bitki-besleme-1-600x182.jpg 600w\" sizes=\"auto, (max-width: 730px) 100vw, 730px\" \/><\/figure>\n<\/figure>\n\n\n\n<div style=\"height:6px\" aria-hidden=\"true\" class=\"wp-block-spacer\"><\/div>\n\n\n\n<figure class=\"wp-block-image size-full is-resized\"><img loading=\"lazy\" decoding=\"async\" width=\"1808\" height=\"2538\" src=\"http:\/\/www.tekno-tar.com\/wp-content\/uploads\/2025\/07\/besleme-web.jpg\" alt=\"\" class=\"wp-image-1085\" style=\"width:840px;height:auto\" srcset=\"http:\/\/www.tekno-tar.com\/wp-content\/uploads\/2025\/07\/besleme-web.jpg 1808w, http:\/\/www.tekno-tar.com\/wp-content\/uploads\/2025\/07\/besleme-web-214x300.jpg 214w, http:\/\/www.tekno-tar.com\/wp-content\/uploads\/2025\/07\/besleme-web-729x1024.jpg 729w, http:\/\/www.tekno-tar.com\/wp-content\/uploads\/2025\/07\/besleme-web-768x1078.jpg 768w, http:\/\/www.tekno-tar.com\/wp-content\/uploads\/2025\/07\/besleme-web-1094x1536.jpg 1094w, http:\/\/www.tekno-tar.com\/wp-content\/uploads\/2025\/07\/besleme-web-1459x2048.jpg 1459w, http:\/\/www.tekno-tar.com\/wp-content\/uploads\/2025\/07\/besleme-web-600x842.jpg 600w\" sizes=\"auto, (max-width: 1808px) 100vw, 1808px\" \/><\/figure>\n","protected":false},"excerpt":{"rendered":"<p>Bitkilerin sa\u011fl\u0131kl\u0131 beslenmesi, verim ve kalitenin art\u0131r\u0131lmas\u0131 i\u00e7in \u00f6zel \u00e7\u00f6z\u00fcmler. Bitki \u00fcretimde birim alandan kaliteli ve bol \u00fcr\u00fcn alman\u0131n en \u00f6nemli unsurlar\u0131ndan birisi dengeli g\u00fcbrelemedir. Dengeli g\u00fcbreleme; Toprak \u00f6zelli\u011fine ba\u011fl\u0131 olarak bitkinin ihtiyac\u0131 olan, toprakta noksan bitki besin elementlerini, uygun zamanda, uygun miktar ve formlarda uygun \u015fekilde vermektir. Dengeli g\u00fcbreleme i\u00e7in toprak ve bitki analizlerinin [&hellip;]<\/p>\n","protected":false},"author":1,"featured_media":0,"parent":0,"menu_order":0,"comment_status":"closed","ping_status":"closed","template":"","meta":{"footnotes":""},"class_list":["post-138","page","type-page","status-publish","hentry"],"yoast_head":"<!-- This site is optimized with the Yoast SEO plugin v24.8.1 - https:\/\/yoast.com\/wordpress\/plugins\/seo\/ -->\n<title>Bitki Besleme\/G\u00fcbre - TEKNOTAR<\/title>\n<meta name=\"robots\" content=\"index, follow, max-snippet:-1, max-image-preview:large, max-video-preview:-1\" \/>\n<link rel=\"canonical\" href=\"http:\/\/www.tekno-tar.com\/index.php\/bitki-besleme\/\" \/>\n<meta property=\"og:locale\" content=\"tr_TR\" \/>\n<meta property=\"og:type\" content=\"article\" \/>\n<meta property=\"og:title\" content=\"Bitki Besleme\/G\u00fcbre - TEKNOTAR\" \/>\n<meta property=\"og:description\" content=\"Bitkilerin sa\u011fl\u0131kl\u0131 beslenmesi, verim ve kalitenin art\u0131r\u0131lmas\u0131 i\u00e7in \u00f6zel \u00e7\u00f6z\u00fcmler. Bitki \u00fcretimde birim alandan kaliteli ve bol \u00fcr\u00fcn alman\u0131n en \u00f6nemli unsurlar\u0131ndan birisi dengeli g\u00fcbrelemedir. Dengeli g\u00fcbreleme; Toprak \u00f6zelli\u011fine ba\u011fl\u0131 olarak bitkinin ihtiyac\u0131 olan, toprakta noksan bitki besin elementlerini, uygun zamanda, uygun miktar ve formlarda uygun \u015fekilde vermektir. Dengeli g\u00fcbreleme i\u00e7in toprak ve bitki analizlerinin [&hellip;]\" \/>\n<meta property=\"og:url\" content=\"http:\/\/www.tekno-tar.com\/index.php\/bitki-besleme\/\" \/>\n<meta property=\"og:site_name\" content=\"TEKNOTAR\" \/>\n<meta property=\"article:modified_time\" content=\"2025-07-18T11:12:35+00:00\" \/>\n<meta property=\"og:image\" content=\"http:\/\/www.tekno-tar.com\/wp-content\/uploads\/2025\/07\/teknofertweb-1.jpg\" \/>\n\t<meta property=\"og:image:width\" content=\"271\" \/>\n\t<meta property=\"og:image:height\" content=\"88\" \/>\n\t<meta property=\"og:image:type\" content=\"image\/jpeg\" \/>\n<meta name=\"twitter:card\" content=\"summary_large_image\" \/>\n<meta name=\"twitter:label1\" content=\"Tahmini okuma s\u00fcresi\" \/>\n\t<meta name=\"twitter:data1\" content=\"2 dakika\" \/>\n<script type=\"application\/ld+json\" class=\"yoast-schema-graph\">{\"@context\":\"https:\/\/schema.org\",\"@graph\":[{\"@type\":\"WebPage\",\"@id\":\"http:\/\/www.tekno-tar.com\/index.php\/bitki-besleme\/\",\"url\":\"http:\/\/www.tekno-tar.com\/index.php\/bitki-besleme\/\",\"name\":\"Bitki Besleme\/G\u00fcbre - TEKNOTAR\",\"isPartOf\":{\"@id\":\"http:\/\/www.tekno-tar.com\/#website\"},\"primaryImageOfPage\":{\"@id\":\"http:\/\/www.tekno-tar.com\/index.php\/bitki-besleme\/#primaryimage\"},\"image\":{\"@id\":\"http:\/\/www.tekno-tar.com\/index.php\/bitki-besleme\/#primaryimage\"},\"thumbnailUrl\":\"http:\/\/www.tekno-tar.com\/wp-content\/uploads\/2025\/07\/teknofertweb-1.jpg\",\"datePublished\":\"2019-11-26T19:10:40+00:00\",\"dateModified\":\"2025-07-18T11:12:35+00:00\",\"breadcrumb\":{\"@id\":\"http:\/\/www.tekno-tar.com\/index.php\/bitki-besleme\/#breadcrumb\"},\"inLanguage\":\"tr\",\"potentialAction\":[{\"@type\":\"ReadAction\",\"target\":[\"http:\/\/www.tekno-tar.com\/index.php\/bitki-besleme\/\"]}]},{\"@type\":\"ImageObject\",\"inLanguage\":\"tr\",\"@id\":\"http:\/\/www.tekno-tar.com\/index.php\/bitki-besleme\/#primaryimage\",\"url\":\"http:\/\/www.tekno-tar.com\/wp-content\/uploads\/2025\/07\/teknofertweb-1.jpg\",\"contentUrl\":\"http:\/\/www.tekno-tar.com\/wp-content\/uploads\/2025\/07\/teknofertweb-1.jpg\",\"width\":271,\"height\":88},{\"@type\":\"BreadcrumbList\",\"@id\":\"http:\/\/www.tekno-tar.com\/index.php\/bitki-besleme\/#breadcrumb\",\"itemListElement\":[{\"@type\":\"ListItem\",\"position\":1,\"name\":\"Ana sayfa\",\"item\":\"http:\/\/www.tekno-tar.com\/\"},{\"@type\":\"ListItem\",\"position\":2,\"name\":\"Bitki Besleme\/G\u00fcbre\"}]},{\"@type\":\"WebSite\",\"@id\":\"http:\/\/www.tekno-tar.com\/#website\",\"url\":\"http:\/\/www.tekno-tar.com\/\",\"name\":\"TEKNOTAR\",\"description\":\"&quot;Tar\u0131mda \u0130leri Teknoloji&quot;\",\"potentialAction\":[{\"@type\":\"SearchAction\",\"target\":{\"@type\":\"EntryPoint\",\"urlTemplate\":\"http:\/\/www.tekno-tar.com\/?s={search_term_string}\"},\"query-input\":{\"@type\":\"PropertyValueSpecification\",\"valueRequired\":true,\"valueName\":\"search_term_string\"}}],\"inLanguage\":\"tr\"}]}<\/script>\n<!-- \/ Yoast SEO plugin. -->","yoast_head_json":{"title":"Bitki Besleme\/G\u00fcbre - TEKNOTAR","robots":{"index":"index","follow":"follow","max-snippet":"max-snippet:-1","max-image-preview":"max-image-preview:large","max-video-preview":"max-video-preview:-1"},"canonical":"http:\/\/www.tekno-tar.com\/index.php\/bitki-besleme\/","og_locale":"tr_TR","og_type":"article","og_title":"Bitki Besleme\/G\u00fcbre - TEKNOTAR","og_description":"Bitkilerin sa\u011fl\u0131kl\u0131 beslenmesi, verim ve kalitenin art\u0131r\u0131lmas\u0131 i\u00e7in \u00f6zel \u00e7\u00f6z\u00fcmler. Bitki \u00fcretimde birim alandan kaliteli ve bol \u00fcr\u00fcn alman\u0131n en \u00f6nemli unsurlar\u0131ndan birisi dengeli g\u00fcbrelemedir. Dengeli g\u00fcbreleme; Toprak \u00f6zelli\u011fine ba\u011fl\u0131 olarak bitkinin ihtiyac\u0131 olan, toprakta noksan bitki besin elementlerini, uygun zamanda, uygun miktar ve formlarda uygun \u015fekilde vermektir. Dengeli g\u00fcbreleme i\u00e7in toprak ve bitki analizlerinin [&hellip;]","og_url":"http:\/\/www.tekno-tar.com\/index.php\/bitki-besleme\/","og_site_name":"TEKNOTAR","article_modified_time":"2025-07-18T11:12:35+00:00","og_image":[{"width":271,"height":88,"url":"http:\/\/www.tekno-tar.com\/wp-content\/uploads\/2025\/07\/teknofertweb-1.jpg","type":"image\/jpeg"}],"twitter_card":"summary_large_image","twitter_misc":{"Tahmini okuma s\u00fcresi":"2 dakika"},"schema":{"@context":"https:\/\/schema.org","@graph":[{"@type":"WebPage","@id":"http:\/\/www.tekno-tar.com\/index.php\/bitki-besleme\/","url":"http:\/\/www.tekno-tar.com\/index.php\/bitki-besleme\/","name":"Bitki Besleme\/G\u00fcbre - TEKNOTAR","isPartOf":{"@id":"http:\/\/www.tekno-tar.com\/#website"},"primaryImageOfPage":{"@id":"http:\/\/www.tekno-tar.com\/index.php\/bitki-besleme\/#primaryimage"},"image":{"@id":"http:\/\/www.tekno-tar.com\/index.php\/bitki-besleme\/#primaryimage"},"thumbnailUrl":"http:\/\/www.tekno-tar.com\/wp-content\/uploads\/2025\/07\/teknofertweb-1.jpg","datePublished":"2019-11-26T19:10:40+00:00","dateModified":"2025-07-18T11:12:35+00:00","breadcrumb":{"@id":"http:\/\/www.tekno-tar.com\/index.php\/bitki-besleme\/#breadcrumb"},"inLanguage":"tr","potentialAction":[{"@type":"ReadAction","target":["http:\/\/www.tekno-tar.com\/index.php\/bitki-besleme\/"]}]},{"@type":"ImageObject","inLanguage":"tr","@id":"http:\/\/www.tekno-tar.com\/index.php\/bitki-besleme\/#primaryimage","url":"http:\/\/www.tekno-tar.com\/wp-content\/uploads\/2025\/07\/teknofertweb-1.jpg","contentUrl":"http:\/\/www.tekno-tar.com\/wp-content\/uploads\/2025\/07\/teknofertweb-1.jpg","width":271,"height":88},{"@type":"BreadcrumbList","@id":"http:\/\/www.tekno-tar.com\/index.php\/bitki-besleme\/#breadcrumb","itemListElement":[{"@type":"ListItem","position":1,"name":"Ana sayfa","item":"http:\/\/www.tekno-tar.com\/"},{"@type":"ListItem","position":2,"name":"Bitki Besleme\/G\u00fcbre"}]},{"@type":"WebSite","@id":"http:\/\/www.tekno-tar.com\/#website","url":"http:\/\/www.tekno-tar.com\/","name":"TEKNOTAR","description":"&quot;Tar\u0131mda \u0130leri Teknoloji&quot;","potentialAction":[{"@type":"SearchAction","target":{"@type":"EntryPoint","urlTemplate":"http:\/\/www.tekno-tar.com\/?s={search_term_string}"},"query-input":{"@type":"PropertyValueSpecification","valueRequired":true,"valueName":"search_term_string"}}],"inLanguage":"tr"}]}},"_links":{"self":[{"href":"http:\/\/www.tekno-tar.com\/index.php\/wp-json\/wp\/v2\/pages\/138","targetHints":{"allow":["GET"]}}],"collection":[{"href":"http:\/\/www.tekno-tar.com\/index.php\/wp-json\/wp\/v2\/pages"}],"about":[{"href":"http:\/\/www.tekno-tar.com\/index.php\/wp-json\/wp\/v2\/types\/page"}],"author":[{"embeddable":true,"href":"http:\/\/www.tekno-tar.com\/index.php\/wp-json\/wp\/v2\/users\/1"}],"replies":[{"embeddable":true,"href":"http:\/\/www.tekno-tar.com\/index.php\/wp-json\/wp\/v2\/comments?post=138"}],"version-history":[{"count":75,"href":"http:\/\/www.tekno-tar.com\/index.php\/wp-json\/wp\/v2\/pages\/138\/revisions"}],"predecessor-version":[{"id":1161,"href":"http:\/\/www.tekno-tar.com\/index.php\/wp-json\/wp\/v2\/pages\/138\/revisions\/1161"}],"wp:attachment":[{"href":"http:\/\/www.tekno-tar.com\/index.php\/wp-json\/wp\/v2\/media?parent=138"}],"curies":[{"name":"wp","href":"https:\/\/api.w.org\/{rel}","templated":true}]}}