{"id":129,"date":"2019-11-26T22:07:24","date_gmt":"2019-11-26T19:07:24","guid":{"rendered":"http:\/\/www.tekno-tar.com\/?page_id=129"},"modified":"2025-07-16T23:25:32","modified_gmt":"2025-07-16T20:25:32","slug":"pivot-sulama-sistemleri","status":"publish","type":"page","link":"http:\/\/www.tekno-tar.com\/index.php\/pivot-sulama-sistemleri\/","title":{"rendered":"Pivot-Lineer Sulama Sistemleri"},"content":{"rendered":"<div class=\"wp-block-image\">\n<figure class=\"aligncenter size-full\"><img loading=\"lazy\" decoding=\"async\" width=\"270\" height=\"88\" src=\"http:\/\/www.tekno-tar.com\/wp-content\/uploads\/2025\/07\/teknopivotweb.jpg\" alt=\"\" class=\"wp-image-1068\"\/><\/figure><\/div>\n\n\n<p class=\"has-white-color has-vivid-cyan-blue-background-color has-text-color has-background has-link-color has-small-font-size wp-elements-1783464722472bef6bb020f4975aa11f\"><strong>Pivot<\/strong> Sulama sistemleri farkl\u0131 arazi ve iklim ko\u015fullar\u0131ndaki bir\u00e7ok bitkinin sulanmas\u0131 kullan\u0131l\u0131r, Galvanizli \u00e7elik boru ve \u00e7elik konstr\u00fcksiyondan olu\u015fan sistem, betonarme platform \u00fczerinde <strong>Dairesel<\/strong> d\u00f6n\u00fc\u015f yaparak el de\u011fmeden otomatik olarak sulama yapmaktad\u0131r.<\/p>\n\n\n<div class=\"wp-block-image\">\n<figure class=\"aligncenter size-large\"><img decoding=\"async\" src=\"http:\/\/www.tekno-tar.com\/wp-content\/uploads\/2020\/02\/pivot2.png\" alt=\"\" class=\"wp-image-249\"\/><\/figure><\/div>\n\n\n<p class=\"has-text-align-left has-white-color has-vivid-cyan-blue-background-color has-text-color has-background has-link-color has-small-font-size wp-elements-9f4cf3fb736aead7e880437be1e7551a\"><strong>Lineer<\/strong> sulama sistemleri, ince ve uzun dikd\u00f6rtgen tarlalar\u0131n <strong>D\u00fcz<\/strong> hareket ederek sulanmas\u0131 i\u00e7in geli\u015ftirilmi\u015f sistemlerdir. Sistemin \u00e7al\u0131\u015fmas\u0131 i\u00e7in makine bir hat boyunca su al\u0131r ve lineer hareket ederek sulama yapar.<\/p>\n\n\n\n<figure class=\"wp-block-image size-large\"><img loading=\"lazy\" decoding=\"async\" width=\"1024\" height=\"476\" src=\"http:\/\/www.tekno-tar.com\/wp-content\/uploads\/2025\/06\/teknopivot-1-1024x476.jpeg\" alt=\"\" class=\"wp-image-1038\" srcset=\"http:\/\/www.tekno-tar.com\/wp-content\/uploads\/2025\/06\/teknopivot-1-1024x476.jpeg 1024w, http:\/\/www.tekno-tar.com\/wp-content\/uploads\/2025\/06\/teknopivot-1-300x139.jpeg 300w, http:\/\/www.tekno-tar.com\/wp-content\/uploads\/2025\/06\/teknopivot-1-768x357.jpeg 768w, http:\/\/www.tekno-tar.com\/wp-content\/uploads\/2025\/06\/teknopivot-1-600x279.jpeg 600w, http:\/\/www.tekno-tar.com\/wp-content\/uploads\/2025\/06\/teknopivot-1.jpeg 1536w\" sizes=\"auto, (max-width: 1024px) 100vw, 1024px\" \/><\/figure>\n","protected":false},"excerpt":{"rendered":"<p>Pivot Sulama sistemleri farkl\u0131 arazi ve iklim ko\u015fullar\u0131ndaki bir\u00e7ok bitkinin sulanmas\u0131 kullan\u0131l\u0131r, Galvanizli \u00e7elik boru ve \u00e7elik konstr\u00fcksiyondan olu\u015fan sistem, betonarme platform \u00fczerinde Dairesel d\u00f6n\u00fc\u015f yaparak el de\u011fmeden otomatik olarak sulama yapmaktad\u0131r. Lineer sulama sistemleri, ince ve uzun dikd\u00f6rtgen tarlalar\u0131n D\u00fcz hareket ederek sulanmas\u0131 i\u00e7in geli\u015ftirilmi\u015f sistemlerdir. Sistemin \u00e7al\u0131\u015fmas\u0131 i\u00e7in makine bir hat boyunca su [&hellip;]<\/p>\n","protected":false},"author":1,"featured_media":0,"parent":0,"menu_order":0,"comment_status":"closed","ping_status":"closed","template":"","meta":{"footnotes":""},"class_list":["post-129","page","type-page","status-publish","hentry"],"yoast_head":"<!-- This site is optimized with the Yoast SEO plugin v24.8.1 - https:\/\/yoast.com\/wordpress\/plugins\/seo\/ -->\n<title>Pivot-Lineer Sulama Sistemleri - TEKNOTAR<\/title>\n<meta name=\"robots\" content=\"index, follow, max-snippet:-1, max-image-preview:large, max-video-preview:-1\" \/>\n<link rel=\"canonical\" href=\"http:\/\/www.tekno-tar.com\/index.php\/pivot-sulama-sistemleri\/\" \/>\n<meta property=\"og:locale\" content=\"tr_TR\" \/>\n<meta property=\"og:type\" content=\"article\" \/>\n<meta property=\"og:title\" content=\"Pivot-Lineer Sulama Sistemleri - TEKNOTAR\" \/>\n<meta property=\"og:description\" content=\"Pivot Sulama sistemleri farkl\u0131 arazi ve iklim ko\u015fullar\u0131ndaki bir\u00e7ok bitkinin sulanmas\u0131 kullan\u0131l\u0131r, Galvanizli \u00e7elik boru ve \u00e7elik konstr\u00fcksiyondan olu\u015fan sistem, betonarme platform \u00fczerinde Dairesel d\u00f6n\u00fc\u015f yaparak el de\u011fmeden otomatik olarak sulama yapmaktad\u0131r. Lineer sulama sistemleri, ince ve uzun dikd\u00f6rtgen tarlalar\u0131n D\u00fcz hareket ederek sulanmas\u0131 i\u00e7in geli\u015ftirilmi\u015f sistemlerdir. Sistemin \u00e7al\u0131\u015fmas\u0131 i\u00e7in makine bir hat boyunca su [&hellip;]\" \/>\n<meta property=\"og:url\" content=\"http:\/\/www.tekno-tar.com\/index.php\/pivot-sulama-sistemleri\/\" \/>\n<meta property=\"og:site_name\" content=\"TEKNOTAR\" \/>\n<meta property=\"article:modified_time\" content=\"2025-07-16T20:25:32+00:00\" \/>\n<meta property=\"og:image\" content=\"http:\/\/www.tekno-tar.com\/wp-content\/uploads\/2025\/07\/teknopivotweb.jpg\" \/>\n\t<meta property=\"og:image:width\" content=\"270\" \/>\n\t<meta property=\"og:image:height\" content=\"88\" \/>\n\t<meta property=\"og:image:type\" content=\"image\/jpeg\" \/>\n<meta name=\"twitter:card\" content=\"summary_large_image\" \/>\n<meta name=\"twitter:label1\" content=\"Tahmini okuma s\u00fcresi\" \/>\n\t<meta name=\"twitter:data1\" content=\"1 dakika\" \/>\n<script type=\"application\/ld+json\" class=\"yoast-schema-graph\">{\"@context\":\"https:\/\/schema.org\",\"@graph\":[{\"@type\":\"WebPage\",\"@id\":\"http:\/\/www.tekno-tar.com\/index.php\/pivot-sulama-sistemleri\/\",\"url\":\"http:\/\/www.tekno-tar.com\/index.php\/pivot-sulama-sistemleri\/\",\"name\":\"Pivot-Lineer Sulama Sistemleri - TEKNOTAR\",\"isPartOf\":{\"@id\":\"http:\/\/www.tekno-tar.com\/#website\"},\"primaryImageOfPage\":{\"@id\":\"http:\/\/www.tekno-tar.com\/index.php\/pivot-sulama-sistemleri\/#primaryimage\"},\"image\":{\"@id\":\"http:\/\/www.tekno-tar.com\/index.php\/pivot-sulama-sistemleri\/#primaryimage\"},\"thumbnailUrl\":\"http:\/\/www.tekno-tar.com\/wp-content\/uploads\/2025\/07\/teknopivotweb.jpg\",\"datePublished\":\"2019-11-26T19:07:24+00:00\",\"dateModified\":\"2025-07-16T20:25:32+00:00\",\"breadcrumb\":{\"@id\":\"http:\/\/www.tekno-tar.com\/index.php\/pivot-sulama-sistemleri\/#breadcrumb\"},\"inLanguage\":\"tr\",\"potentialAction\":[{\"@type\":\"ReadAction\",\"target\":[\"http:\/\/www.tekno-tar.com\/index.php\/pivot-sulama-sistemleri\/\"]}]},{\"@type\":\"ImageObject\",\"inLanguage\":\"tr\",\"@id\":\"http:\/\/www.tekno-tar.com\/index.php\/pivot-sulama-sistemleri\/#primaryimage\",\"url\":\"http:\/\/www.tekno-tar.com\/wp-content\/uploads\/2025\/07\/teknopivotweb.jpg\",\"contentUrl\":\"http:\/\/www.tekno-tar.com\/wp-content\/uploads\/2025\/07\/teknopivotweb.jpg\",\"width\":270,\"height\":88},{\"@type\":\"BreadcrumbList\",\"@id\":\"http:\/\/www.tekno-tar.com\/index.php\/pivot-sulama-sistemleri\/#breadcrumb\",\"itemListElement\":[{\"@type\":\"ListItem\",\"position\":1,\"name\":\"Ana sayfa\",\"item\":\"http:\/\/www.tekno-tar.com\/\"},{\"@type\":\"ListItem\",\"position\":2,\"name\":\"Pivot-Lineer Sulama Sistemleri\"}]},{\"@type\":\"WebSite\",\"@id\":\"http:\/\/www.tekno-tar.com\/#website\",\"url\":\"http:\/\/www.tekno-tar.com\/\",\"name\":\"TEKNOTAR\",\"description\":\"&quot;Tar\u0131mda \u0130leri Teknoloji&quot;\",\"potentialAction\":[{\"@type\":\"SearchAction\",\"target\":{\"@type\":\"EntryPoint\",\"urlTemplate\":\"http:\/\/www.tekno-tar.com\/?s={search_term_string}\"},\"query-input\":{\"@type\":\"PropertyValueSpecification\",\"valueRequired\":true,\"valueName\":\"search_term_string\"}}],\"inLanguage\":\"tr\"}]}<\/script>\n<!-- \/ Yoast SEO plugin. -->","yoast_head_json":{"title":"Pivot-Lineer Sulama Sistemleri - TEKNOTAR","robots":{"index":"index","follow":"follow","max-snippet":"max-snippet:-1","max-image-preview":"max-image-preview:large","max-video-preview":"max-video-preview:-1"},"canonical":"http:\/\/www.tekno-tar.com\/index.php\/pivot-sulama-sistemleri\/","og_locale":"tr_TR","og_type":"article","og_title":"Pivot-Lineer Sulama Sistemleri - TEKNOTAR","og_description":"Pivot Sulama sistemleri farkl\u0131 arazi ve iklim ko\u015fullar\u0131ndaki bir\u00e7ok bitkinin sulanmas\u0131 kullan\u0131l\u0131r, Galvanizli \u00e7elik boru ve \u00e7elik konstr\u00fcksiyondan olu\u015fan sistem, betonarme platform \u00fczerinde Dairesel d\u00f6n\u00fc\u015f yaparak el de\u011fmeden otomatik olarak sulama yapmaktad\u0131r. Lineer sulama sistemleri, ince ve uzun dikd\u00f6rtgen tarlalar\u0131n D\u00fcz hareket ederek sulanmas\u0131 i\u00e7in geli\u015ftirilmi\u015f sistemlerdir. Sistemin \u00e7al\u0131\u015fmas\u0131 i\u00e7in makine bir hat boyunca su [&hellip;]","og_url":"http:\/\/www.tekno-tar.com\/index.php\/pivot-sulama-sistemleri\/","og_site_name":"TEKNOTAR","article_modified_time":"2025-07-16T20:25:32+00:00","og_image":[{"width":270,"height":88,"url":"http:\/\/www.tekno-tar.com\/wp-content\/uploads\/2025\/07\/teknopivotweb.jpg","type":"image\/jpeg"}],"twitter_card":"summary_large_image","twitter_misc":{"Tahmini okuma s\u00fcresi":"1 dakika"},"schema":{"@context":"https:\/\/schema.org","@graph":[{"@type":"WebPage","@id":"http:\/\/www.tekno-tar.com\/index.php\/pivot-sulama-sistemleri\/","url":"http:\/\/www.tekno-tar.com\/index.php\/pivot-sulama-sistemleri\/","name":"Pivot-Lineer Sulama Sistemleri - TEKNOTAR","isPartOf":{"@id":"http:\/\/www.tekno-tar.com\/#website"},"primaryImageOfPage":{"@id":"http:\/\/www.tekno-tar.com\/index.php\/pivot-sulama-sistemleri\/#primaryimage"},"image":{"@id":"http:\/\/www.tekno-tar.com\/index.php\/pivot-sulama-sistemleri\/#primaryimage"},"thumbnailUrl":"http:\/\/www.tekno-tar.com\/wp-content\/uploads\/2025\/07\/teknopivotweb.jpg","datePublished":"2019-11-26T19:07:24+00:00","dateModified":"2025-07-16T20:25:32+00:00","breadcrumb":{"@id":"http:\/\/www.tekno-tar.com\/index.php\/pivot-sulama-sistemleri\/#breadcrumb"},"inLanguage":"tr","potentialAction":[{"@type":"ReadAction","target":["http:\/\/www.tekno-tar.com\/index.php\/pivot-sulama-sistemleri\/"]}]},{"@type":"ImageObject","inLanguage":"tr","@id":"http:\/\/www.tekno-tar.com\/index.php\/pivot-sulama-sistemleri\/#primaryimage","url":"http:\/\/www.tekno-tar.com\/wp-content\/uploads\/2025\/07\/teknopivotweb.jpg","contentUrl":"http:\/\/www.tekno-tar.com\/wp-content\/uploads\/2025\/07\/teknopivotweb.jpg","width":270,"height":88},{"@type":"BreadcrumbList","@id":"http:\/\/www.tekno-tar.com\/index.php\/pivot-sulama-sistemleri\/#breadcrumb","itemListElement":[{"@type":"ListItem","position":1,"name":"Ana sayfa","item":"http:\/\/www.tekno-tar.com\/"},{"@type":"ListItem","position":2,"name":"Pivot-Lineer Sulama Sistemleri"}]},{"@type":"WebSite","@id":"http:\/\/www.tekno-tar.com\/#website","url":"http:\/\/www.tekno-tar.com\/","name":"TEKNOTAR","description":"&quot;Tar\u0131mda \u0130leri Teknoloji&quot;","potentialAction":[{"@type":"SearchAction","target":{"@type":"EntryPoint","urlTemplate":"http:\/\/www.tekno-tar.com\/?s={search_term_string}"},"query-input":{"@type":"PropertyValueSpecification","valueRequired":true,"valueName":"search_term_string"}}],"inLanguage":"tr"}]}},"_links":{"self":[{"href":"http:\/\/www.tekno-tar.com\/index.php\/wp-json\/wp\/v2\/pages\/129","targetHints":{"allow":["GET"]}}],"collection":[{"href":"http:\/\/www.tekno-tar.com\/index.php\/wp-json\/wp\/v2\/pages"}],"about":[{"href":"http:\/\/www.tekno-tar.com\/index.php\/wp-json\/wp\/v2\/types\/page"}],"author":[{"embeddable":true,"href":"http:\/\/www.tekno-tar.com\/index.php\/wp-json\/wp\/v2\/users\/1"}],"replies":[{"embeddable":true,"href":"http:\/\/www.tekno-tar.com\/index.php\/wp-json\/wp\/v2\/comments?post=129"}],"version-history":[{"count":32,"href":"http:\/\/www.tekno-tar.com\/index.php\/wp-json\/wp\/v2\/pages\/129\/revisions"}],"predecessor-version":[{"id":1153,"href":"http:\/\/www.tekno-tar.com\/index.php\/wp-json\/wp\/v2\/pages\/129\/revisions\/1153"}],"wp:attachment":[{"href":"http:\/\/www.tekno-tar.com\/index.php\/wp-json\/wp\/v2\/media?parent=129"}],"curies":[{"name":"wp","href":"https:\/\/api.w.org\/{rel}","templated":true}]}}