{"id":125,"date":"2019-11-26T22:04:51","date_gmt":"2019-11-26T19:04:51","guid":{"rendered":"http:\/\/www.tekno-tar.com\/?page_id=125"},"modified":"2025-07-16T23:26:26","modified_gmt":"2025-07-16T20:26:26","slug":"yagmurlama-sulama-sistemleri","status":"publish","type":"page","link":"http:\/\/www.tekno-tar.com\/index.php\/yagmurlama-sulama-sistemleri\/","title":{"rendered":"Ya\u011fmurlama Sistemleri"},"content":{"rendered":"<div class=\"wp-block-image is-resized\">\n<figure class=\"aligncenter size-full\"><img loading=\"lazy\" decoding=\"async\" width=\"270\" height=\"103\" src=\"http:\/\/www.tekno-tar.com\/wp-content\/uploads\/2025\/07\/tarplastweb-2.jpg\" alt=\"\" class=\"wp-image-1083\" style=\"width:228px;height:auto\"\/><\/figure><\/div>\n\n\n<div class=\"wp-block-group is-vertical is-layout-flex wp-container-core-group-is-layout-1 wp-block-group-is-layout-flex\">\n<p><strong><em>tarplast<\/em><\/strong> ya\u011fmurlama borular\u0131 y\u00fcksek yo\u011funluklu polietilen (HDPE) hammaddeden \u00fcretilmektedir.<\/p>\n\n\n\n<p>UV \u0131\u015f\u0131nlar\u0131na, \u0131s\u0131 ve bas\u0131n\u00e7 ortamlar\u0131na dayan\u0131m\u0131 y\u00fcksek seviyededir.<\/p>\n\n\n\n<p>G\u00fc\u00e7lendirilmi\u015f al\u00fcminyumdan \u00fcretilen mandallar korozyona ve y\u00fcksek bas\u0131nca dayan\u0131kl\u0131d\u0131r.<\/p>\n\n\n\n<pre class=\"wp-block-verse\">50 mm ile 160 mm aras\u0131nda 5m - 5,6m ve 6m boylar\u0131nda \u00fcretilmektedir.<\/pre>\n<\/div>\n\n\n\n<figure class=\"wp-block-image size-full\"><img loading=\"lazy\" decoding=\"async\" width=\"1666\" height=\"2376\" src=\"http:\/\/www.tekno-tar.com\/wp-content\/uploads\/2025\/07\/yagmurlamaweb.jpg\" alt=\"\" class=\"wp-image-1087\" srcset=\"http:\/\/www.tekno-tar.com\/wp-content\/uploads\/2025\/07\/yagmurlamaweb.jpg 1666w, http:\/\/www.tekno-tar.com\/wp-content\/uploads\/2025\/07\/yagmurlamaweb-210x300.jpg 210w, http:\/\/www.tekno-tar.com\/wp-content\/uploads\/2025\/07\/yagmurlamaweb-718x1024.jpg 718w, http:\/\/www.tekno-tar.com\/wp-content\/uploads\/2025\/07\/yagmurlamaweb-768x1095.jpg 768w, http:\/\/www.tekno-tar.com\/wp-content\/uploads\/2025\/07\/yagmurlamaweb-1077x1536.jpg 1077w, http:\/\/www.tekno-tar.com\/wp-content\/uploads\/2025\/07\/yagmurlamaweb-1436x2048.jpg 1436w, http:\/\/www.tekno-tar.com\/wp-content\/uploads\/2025\/07\/yagmurlamaweb-600x856.jpg 600w\" sizes=\"auto, (max-width: 1666px) 100vw, 1666px\" \/><\/figure>\n\n\n\n<figure class=\"wp-block-image size-large\"><img loading=\"lazy\" decoding=\"async\" width=\"1024\" height=\"894\" src=\"http:\/\/www.tekno-tar.com\/wp-content\/uploads\/2025\/07\/SPRINK-web-1024x894.jpg\" alt=\"\" class=\"wp-image-1091\" srcset=\"http:\/\/www.tekno-tar.com\/wp-content\/uploads\/2025\/07\/SPRINK-web-1024x894.jpg 1024w, http:\/\/www.tekno-tar.com\/wp-content\/uploads\/2025\/07\/SPRINK-web-300x262.jpg 300w, http:\/\/www.tekno-tar.com\/wp-content\/uploads\/2025\/07\/SPRINK-web-768x671.jpg 768w, http:\/\/www.tekno-tar.com\/wp-content\/uploads\/2025\/07\/SPRINK-web-600x524.jpg 600w, http:\/\/www.tekno-tar.com\/wp-content\/uploads\/2025\/07\/SPRINK-web.jpg 1486w\" sizes=\"auto, (max-width: 1024px) 100vw, 1024px\" \/><\/figure>\n","protected":false},"excerpt":{"rendered":"<p>tarplast ya\u011fmurlama borular\u0131 y\u00fcksek yo\u011funluklu polietilen (HDPE) hammaddeden \u00fcretilmektedir. UV \u0131\u015f\u0131nlar\u0131na, \u0131s\u0131 ve bas\u0131n\u00e7 ortamlar\u0131na dayan\u0131m\u0131 y\u00fcksek seviyededir. G\u00fc\u00e7lendirilmi\u015f al\u00fcminyumdan \u00fcretilen mandallar korozyona ve y\u00fcksek bas\u0131nca dayan\u0131kl\u0131d\u0131r. 50 mm ile 160 mm aras\u0131nda 5m &#8211; 5,6m ve 6m boylar\u0131nda \u00fcretilmektedir.<\/p>\n","protected":false},"author":1,"featured_media":0,"parent":0,"menu_order":0,"comment_status":"closed","ping_status":"closed","template":"","meta":{"footnotes":""},"class_list":["post-125","page","type-page","status-publish","hentry"],"yoast_head":"<!-- This site is optimized with the Yoast SEO plugin v24.8.1 - https:\/\/yoast.com\/wordpress\/plugins\/seo\/ -->\n<title>Ya\u011fmurlama Sistemleri - TEKNOTAR<\/title>\n<meta name=\"robots\" content=\"index, follow, max-snippet:-1, max-image-preview:large, max-video-preview:-1\" \/>\n<link rel=\"canonical\" href=\"http:\/\/www.tekno-tar.com\/index.php\/yagmurlama-sulama-sistemleri\/\" \/>\n<meta property=\"og:locale\" content=\"tr_TR\" \/>\n<meta property=\"og:type\" content=\"article\" \/>\n<meta property=\"og:title\" content=\"Ya\u011fmurlama Sistemleri - TEKNOTAR\" \/>\n<meta property=\"og:description\" content=\"tarplast ya\u011fmurlama borular\u0131 y\u00fcksek yo\u011funluklu polietilen (HDPE) hammaddeden \u00fcretilmektedir. UV \u0131\u015f\u0131nlar\u0131na, \u0131s\u0131 ve bas\u0131n\u00e7 ortamlar\u0131na dayan\u0131m\u0131 y\u00fcksek seviyededir. G\u00fc\u00e7lendirilmi\u015f al\u00fcminyumdan \u00fcretilen mandallar korozyona ve y\u00fcksek bas\u0131nca dayan\u0131kl\u0131d\u0131r. 50 mm ile 160 mm aras\u0131nda 5m - 5,6m ve 6m boylar\u0131nda \u00fcretilmektedir.\" \/>\n<meta property=\"og:url\" content=\"http:\/\/www.tekno-tar.com\/index.php\/yagmurlama-sulama-sistemleri\/\" \/>\n<meta property=\"og:site_name\" content=\"TEKNOTAR\" \/>\n<meta property=\"article:modified_time\" content=\"2025-07-16T20:26:26+00:00\" \/>\n<meta property=\"og:image\" content=\"http:\/\/www.tekno-tar.com\/wp-content\/uploads\/2025\/07\/tarplastweb-2.jpg\" \/>\n\t<meta property=\"og:image:width\" content=\"270\" \/>\n\t<meta property=\"og:image:height\" content=\"103\" \/>\n\t<meta property=\"og:image:type\" content=\"image\/jpeg\" \/>\n<meta name=\"twitter:card\" content=\"summary_large_image\" \/>\n<script type=\"application\/ld+json\" class=\"yoast-schema-graph\">{\"@context\":\"https:\/\/schema.org\",\"@graph\":[{\"@type\":\"WebPage\",\"@id\":\"http:\/\/www.tekno-tar.com\/index.php\/yagmurlama-sulama-sistemleri\/\",\"url\":\"http:\/\/www.tekno-tar.com\/index.php\/yagmurlama-sulama-sistemleri\/\",\"name\":\"Ya\u011fmurlama Sistemleri - TEKNOTAR\",\"isPartOf\":{\"@id\":\"http:\/\/www.tekno-tar.com\/#website\"},\"primaryImageOfPage\":{\"@id\":\"http:\/\/www.tekno-tar.com\/index.php\/yagmurlama-sulama-sistemleri\/#primaryimage\"},\"image\":{\"@id\":\"http:\/\/www.tekno-tar.com\/index.php\/yagmurlama-sulama-sistemleri\/#primaryimage\"},\"thumbnailUrl\":\"http:\/\/www.tekno-tar.com\/wp-content\/uploads\/2025\/07\/tarplastweb-2.jpg\",\"datePublished\":\"2019-11-26T19:04:51+00:00\",\"dateModified\":\"2025-07-16T20:26:26+00:00\",\"breadcrumb\":{\"@id\":\"http:\/\/www.tekno-tar.com\/index.php\/yagmurlama-sulama-sistemleri\/#breadcrumb\"},\"inLanguage\":\"tr\",\"potentialAction\":[{\"@type\":\"ReadAction\",\"target\":[\"http:\/\/www.tekno-tar.com\/index.php\/yagmurlama-sulama-sistemleri\/\"]}]},{\"@type\":\"ImageObject\",\"inLanguage\":\"tr\",\"@id\":\"http:\/\/www.tekno-tar.com\/index.php\/yagmurlama-sulama-sistemleri\/#primaryimage\",\"url\":\"http:\/\/www.tekno-tar.com\/wp-content\/uploads\/2025\/07\/tarplastweb-2.jpg\",\"contentUrl\":\"http:\/\/www.tekno-tar.com\/wp-content\/uploads\/2025\/07\/tarplastweb-2.jpg\",\"width\":270,\"height\":103},{\"@type\":\"BreadcrumbList\",\"@id\":\"http:\/\/www.tekno-tar.com\/index.php\/yagmurlama-sulama-sistemleri\/#breadcrumb\",\"itemListElement\":[{\"@type\":\"ListItem\",\"position\":1,\"name\":\"Ana sayfa\",\"item\":\"http:\/\/www.tekno-tar.com\/\"},{\"@type\":\"ListItem\",\"position\":2,\"name\":\"Ya\u011fmurlama Sistemleri\"}]},{\"@type\":\"WebSite\",\"@id\":\"http:\/\/www.tekno-tar.com\/#website\",\"url\":\"http:\/\/www.tekno-tar.com\/\",\"name\":\"TEKNOTAR\",\"description\":\"&quot;Tar\u0131mda \u0130leri Teknoloji&quot;\",\"potentialAction\":[{\"@type\":\"SearchAction\",\"target\":{\"@type\":\"EntryPoint\",\"urlTemplate\":\"http:\/\/www.tekno-tar.com\/?s={search_term_string}\"},\"query-input\":{\"@type\":\"PropertyValueSpecification\",\"valueRequired\":true,\"valueName\":\"search_term_string\"}}],\"inLanguage\":\"tr\"}]}<\/script>\n<!-- \/ Yoast SEO plugin. -->","yoast_head_json":{"title":"Ya\u011fmurlama Sistemleri - TEKNOTAR","robots":{"index":"index","follow":"follow","max-snippet":"max-snippet:-1","max-image-preview":"max-image-preview:large","max-video-preview":"max-video-preview:-1"},"canonical":"http:\/\/www.tekno-tar.com\/index.php\/yagmurlama-sulama-sistemleri\/","og_locale":"tr_TR","og_type":"article","og_title":"Ya\u011fmurlama Sistemleri - TEKNOTAR","og_description":"tarplast ya\u011fmurlama borular\u0131 y\u00fcksek yo\u011funluklu polietilen (HDPE) hammaddeden \u00fcretilmektedir. UV \u0131\u015f\u0131nlar\u0131na, \u0131s\u0131 ve bas\u0131n\u00e7 ortamlar\u0131na dayan\u0131m\u0131 y\u00fcksek seviyededir. G\u00fc\u00e7lendirilmi\u015f al\u00fcminyumdan \u00fcretilen mandallar korozyona ve y\u00fcksek bas\u0131nca dayan\u0131kl\u0131d\u0131r. 50 mm ile 160 mm aras\u0131nda 5m - 5,6m ve 6m boylar\u0131nda \u00fcretilmektedir.","og_url":"http:\/\/www.tekno-tar.com\/index.php\/yagmurlama-sulama-sistemleri\/","og_site_name":"TEKNOTAR","article_modified_time":"2025-07-16T20:26:26+00:00","og_image":[{"width":270,"height":103,"url":"http:\/\/www.tekno-tar.com\/wp-content\/uploads\/2025\/07\/tarplastweb-2.jpg","type":"image\/jpeg"}],"twitter_card":"summary_large_image","schema":{"@context":"https:\/\/schema.org","@graph":[{"@type":"WebPage","@id":"http:\/\/www.tekno-tar.com\/index.php\/yagmurlama-sulama-sistemleri\/","url":"http:\/\/www.tekno-tar.com\/index.php\/yagmurlama-sulama-sistemleri\/","name":"Ya\u011fmurlama Sistemleri - TEKNOTAR","isPartOf":{"@id":"http:\/\/www.tekno-tar.com\/#website"},"primaryImageOfPage":{"@id":"http:\/\/www.tekno-tar.com\/index.php\/yagmurlama-sulama-sistemleri\/#primaryimage"},"image":{"@id":"http:\/\/www.tekno-tar.com\/index.php\/yagmurlama-sulama-sistemleri\/#primaryimage"},"thumbnailUrl":"http:\/\/www.tekno-tar.com\/wp-content\/uploads\/2025\/07\/tarplastweb-2.jpg","datePublished":"2019-11-26T19:04:51+00:00","dateModified":"2025-07-16T20:26:26+00:00","breadcrumb":{"@id":"http:\/\/www.tekno-tar.com\/index.php\/yagmurlama-sulama-sistemleri\/#breadcrumb"},"inLanguage":"tr","potentialAction":[{"@type":"ReadAction","target":["http:\/\/www.tekno-tar.com\/index.php\/yagmurlama-sulama-sistemleri\/"]}]},{"@type":"ImageObject","inLanguage":"tr","@id":"http:\/\/www.tekno-tar.com\/index.php\/yagmurlama-sulama-sistemleri\/#primaryimage","url":"http:\/\/www.tekno-tar.com\/wp-content\/uploads\/2025\/07\/tarplastweb-2.jpg","contentUrl":"http:\/\/www.tekno-tar.com\/wp-content\/uploads\/2025\/07\/tarplastweb-2.jpg","width":270,"height":103},{"@type":"BreadcrumbList","@id":"http:\/\/www.tekno-tar.com\/index.php\/yagmurlama-sulama-sistemleri\/#breadcrumb","itemListElement":[{"@type":"ListItem","position":1,"name":"Ana sayfa","item":"http:\/\/www.tekno-tar.com\/"},{"@type":"ListItem","position":2,"name":"Ya\u011fmurlama Sistemleri"}]},{"@type":"WebSite","@id":"http:\/\/www.tekno-tar.com\/#website","url":"http:\/\/www.tekno-tar.com\/","name":"TEKNOTAR","description":"&quot;Tar\u0131mda \u0130leri Teknoloji&quot;","potentialAction":[{"@type":"SearchAction","target":{"@type":"EntryPoint","urlTemplate":"http:\/\/www.tekno-tar.com\/?s={search_term_string}"},"query-input":{"@type":"PropertyValueSpecification","valueRequired":true,"valueName":"search_term_string"}}],"inLanguage":"tr"}]}},"_links":{"self":[{"href":"http:\/\/www.tekno-tar.com\/index.php\/wp-json\/wp\/v2\/pages\/125","targetHints":{"allow":["GET"]}}],"collection":[{"href":"http:\/\/www.tekno-tar.com\/index.php\/wp-json\/wp\/v2\/pages"}],"about":[{"href":"http:\/\/www.tekno-tar.com\/index.php\/wp-json\/wp\/v2\/types\/page"}],"author":[{"embeddable":true,"href":"http:\/\/www.tekno-tar.com\/index.php\/wp-json\/wp\/v2\/users\/1"}],"replies":[{"embeddable":true,"href":"http:\/\/www.tekno-tar.com\/index.php\/wp-json\/wp\/v2\/comments?post=125"}],"version-history":[{"count":43,"href":"http:\/\/www.tekno-tar.com\/index.php\/wp-json\/wp\/v2\/pages\/125\/revisions"}],"predecessor-version":[{"id":1155,"href":"http:\/\/www.tekno-tar.com\/index.php\/wp-json\/wp\/v2\/pages\/125\/revisions\/1155"}],"wp:attachment":[{"href":"http:\/\/www.tekno-tar.com\/index.php\/wp-json\/wp\/v2\/media?parent=125"}],"curies":[{"name":"wp","href":"https:\/\/api.w.org\/{rel}","templated":true}]}}